{"id":3,"date":"2026-03-05T15:08:58","date_gmt":"2026-03-05T15:08:58","guid":{"rendered":"https:\/\/gtechzero.net\/?page_id=3"},"modified":"2026-03-11T23:00:17","modified_gmt":"2026-03-11T23:00:17","slug":"privacy-policy","status":"publish","type":"page","link":"https:\/\/gtechzero.net\/de\/privacy-policy\/","title":{"rendered":"Datenschutzerkl\u00e4rung"},"content":{"rendered":"<h2 class=\"wp-block-heading\">Wer wir sind<\/h2>\n\n\n\n<p>Unsere Website-Adresse ist: https:\/\/gtechzero.net<br>GtechZero bietet Computerreparatur, Hardware-Service und Webdesign-L\u00f6sungen an.<\/p>\n\n\n\n<h2 class=\"wp-block-heading\">Cookies<\/h2>\n\n\n\n<p>Unsere Website verwendet Cookies, um die Benutzererfahrung zu verbessern und den Website-Verkehr zu analysieren. Besucher k\u00f6nnen ihre Cookie-Einstellungen \u00fcber das Cookie-Consent-Banner verwalten.<\/p>\n\n\n\n<h2 class=\"wp-block-heading\">Welche Informationen wir sammeln<\/h2>\n\n\n\n<p>Wenn Besucher uns \u00fcber das Kontaktformular kontaktieren, erfassen wir die angegebenen Informationen wie Name, E-Mail-Adresse und Nachricht, um auf Anfragen zu antworten.<\/p>\n\n\n\n<h2 class=\"wp-block-heading\">Verwendung der Daten<\/h2>\n\n\n\n<p>Wir verkaufen, vermieten oder geben pers\u00f6nliche Daten nicht an Dritte weiter, au\u00dfer wenn dies gesetzlich erforderlich ist.<\/p>\n\n\n\n<h2 class=\"wp-block-heading\">Kontakt<\/h2>\n\n\n\n<p>Wenn Sie Fragen zu dieser Datenschutzerkl\u00e4rung haben, k\u00f6nnen Sie uns \u00fcber das Kontaktformular auf unserer Website kontaktieren.<\/p>","protected":false},"excerpt":{"rendered":"<p>Who we are Our website address is: https:\/\/gtechzero.net.GtechZero provides computer repair, hardware services, and web design solutions. Cookies Our website uses cookies to improve user experience and analyze website traffic. Visitors can manage cookie preferences through the cookie consent banner. Information we collect When visitors contact us through the contact form, we collect the information [&hellip;]<\/p>\n","protected":false},"author":1,"featured_media":0,"parent":0,"menu_order":0,"comment_status":"closed","ping_status":"open","template":"","meta":{"footnotes":""},"class_list":["post-3","page","type-page","status-publish","hentry"],"_links":{"self":[{"href":"https:\/\/gtechzero.net\/de\/wp-json\/wp\/v2\/pages\/3","targetHints":{"allow":["GET"]}}],"collection":[{"href":"https:\/\/gtechzero.net\/de\/wp-json\/wp\/v2\/pages"}],"about":[{"href":"https:\/\/gtechzero.net\/de\/wp-json\/wp\/v2\/types\/page"}],"author":[{"embeddable":true,"href":"https:\/\/gtechzero.net\/de\/wp-json\/wp\/v2\/users\/1"}],"replies":[{"embeddable":true,"href":"https:\/\/gtechzero.net\/de\/wp-json\/wp\/v2\/comments?post=3"}],"version-history":[{"count":1,"href":"https:\/\/gtechzero.net\/de\/wp-json\/wp\/v2\/pages\/3\/revisions"}],"predecessor-version":[{"id":2009,"href":"https:\/\/gtechzero.net\/de\/wp-json\/wp\/v2\/pages\/3\/revisions\/2009"}],"wp:attachment":[{"href":"https:\/\/gtechzero.net\/de\/wp-json\/wp\/v2\/media?parent=3"}],"curies":[{"name":"wp","href":"https:\/\/api.w.org\/{rel}","templated":true}]}}