{"id":2074,"date":"2026-05-02T05:34:56","date_gmt":"2026-05-02T05:34:56","guid":{"rendered":"https:\/\/gtechzero.net\/?page_id=2074"},"modified":"2026-05-02T05:34:56","modified_gmt":"2026-05-02T05:34:56","slug":"pc-reparatur-hirtenberg","status":"publish","type":"page","link":"https:\/\/gtechzero.net\/de\/pc-reparatur-hirtenberg\/","title":{"rendered":"PC Reparatur in Hirtenberg"},"content":{"rendered":"<section class=\"wpb-content-wrapper\">\n<div class=\"vc_row wpb_row vc_row-fluid\">\n\t<div class=\"container clearfix\">\n\t\t<div class=\"wpb_column vc_column_container vc_col-sm-12\"><div class=\"vc_column-inner\"><div class=\"wpb_wrapper\">\n\t<div class=\"wpb_text_column wpb_content_element\" >\n\t\t<div class=\"wpb_wrapper\">\n\t\t\t<h1>PC Reparatur in Hirtenberg<\/h1>\n<p>Schnelle Diagnose. Echte Reparaturen. Keine Vermutungen.<\/p>\n<p>Ihr PC oder Laptop ist langsam, \u00fcberhitzt oder startet nicht mehr? Bei GtechZero bieten wir professionelle PC Reparatur in Hirtenberg \u2013 mit echter Fehleranalyse und nachhaltigen L\u00f6sungen.<\/p>\n<h2>Unsere Leistungen<\/h2>\n<ul>\n<li>PC startet nicht oder friert ein<\/li>\n<li>Langsames System &amp; Performance Probleme<\/li>\n<li>\u00dcberhitzung &amp; L\u00fcfterprobleme<\/li>\n<li>Bluescreens &amp; Abst\u00fcrze<\/li>\n<li>Mainboard Diagnose &amp; Reparatur<\/li>\n<li>Grafikkarten- &amp; RAM-Probleme<\/li>\n<li>Windows Installation &amp; Optimierung<\/li>\n<li>Datenrettung<\/li>\n<\/ul>\n<h2>Warum GtechZero<\/h2>\n<ul>\n<li>Keine Vermutungen \u2013 nur echte Diagnose<\/li>\n<li>Hardware-Level Fehleranalyse<\/li>\n<li>Klare und ehrliche Kommunikation<\/li>\n<li>Faire Preise ohne versteckte Kosten<\/li>\n<li>Schneller Service in Hirtenberg und Umgebung<\/li>\n<\/ul>\n<h2>PC Reparatur in Hirtenberg &amp; Umgebung<\/h2>\n<p>Wir arbeiten in Hirtenberg sowie in Berndorf, Baden, Leobersdorf, Pottenstein und Umgebung.<\/p>\n<p>Egal ob einfache Reparatur oder komplexe Hardware-Probleme \u2013 wir finden die Ursache und beheben das Problem.<\/p>\n<h2>Jetzt PC reparieren lassen<\/h2>\n<p>Kontaktieren Sie uns jetzt f\u00fcr schnelle und professionelle PC Reparatur in Hirtenberg.<\/p>\n<p><strong>Direkt anrufen oder Nachricht senden.<\/strong><\/p>\n<h3>Weitere Standorte<\/h3>\n<ul>\n<li><a href=\"\/de\/computer-reparatur-berndorf\/\">Berndorf<\/a><\/li>\n<li><a href=\"\/de\/pc-reparatur-leobersdorf\/\">Leobersdorf<\/a><\/li>\n<li><a href=\"\/de\/pc-reparatur-baden\/\">Baden<\/a><\/li>\n<li><a href=\"\/de\/pc-reparatur-wiener-neustadt\/\">Wiener Neustadt<\/a><\/li>\n<li><a href=\"\/de\/pc-reparatur-bad-voeslau\/\">Bad V\u00f6slau<\/a><\/li>\n<li><a href=\"\/de\/pc-reparatur-pottenstein\/\">Pottenstein<\/a><\/li>\n<li><a href=\"\/de\/pc-reparatur-weissenbach-triesting\/\">Weissenbach an der Triesting<\/a><\/li>\n<li><a href=\"\/de\/pc-reparatur-st-veit-triesting\/\">St. Veit an der Triesting<\/a><\/li>\n<li><a href=\"\/de\/pc-reparatur-traiskirchen\/\">Traiskirchen<\/a><\/li>\n<\/ul>\n\n\t\t<\/div>\n\t<\/div>\n<\/div><\/div><\/div>\t<\/div>\n<\/div>\n\n<\/section>","protected":false},"excerpt":{"rendered":"PC Reparatur in Hirtenberg Schnelle Diagnose. Echte Reparaturen. Keine Vermutungen. Ihr PC oder Laptop ist langsam, \u00fcberhitzt oder startet nicht mehr? Bei GtechZero bieten wir professionelle PC Reparatur in Hirtenberg \u2013 mit echter Fehleranalyse und nachhaltigen L\u00f6sungen. Unsere Leistungen PC startet nicht oder friert ein Langsames System &amp; Performance Probleme \u00dcberhitzung &amp; L\u00fcfterprobleme Bluescreens &amp; [...]","protected":false},"author":1,"featured_media":0,"parent":0,"menu_order":0,"comment_status":"closed","ping_status":"closed","template":"","meta":{"footnotes":""},"class_list":["post-2074","page","type-page","status-publish","hentry"],"_links":{"self":[{"href":"https:\/\/gtechzero.net\/de\/wp-json\/wp\/v2\/pages\/2074","targetHints":{"allow":["GET"]}}],"collection":[{"href":"https:\/\/gtechzero.net\/de\/wp-json\/wp\/v2\/pages"}],"about":[{"href":"https:\/\/gtechzero.net\/de\/wp-json\/wp\/v2\/types\/page"}],"author":[{"embeddable":true,"href":"https:\/\/gtechzero.net\/de\/wp-json\/wp\/v2\/users\/1"}],"replies":[{"embeddable":true,"href":"https:\/\/gtechzero.net\/de\/wp-json\/wp\/v2\/comments?post=2074"}],"version-history":[{"count":2,"href":"https:\/\/gtechzero.net\/de\/wp-json\/wp\/v2\/pages\/2074\/revisions"}],"predecessor-version":[{"id":2076,"href":"https:\/\/gtechzero.net\/de\/wp-json\/wp\/v2\/pages\/2074\/revisions\/2076"}],"wp:attachment":[{"href":"https:\/\/gtechzero.net\/de\/wp-json\/wp\/v2\/media?parent=2074"}],"curies":[{"name":"wp","href":"https:\/\/api.w.org\/{rel}","templated":true}]}}