{"id":1688,"date":"2017-04-28T06:28:07","date_gmt":"2017-04-28T06:28:07","guid":{"rendered":"https:\/\/demo.brothersthemes.com\/comrepair\/?page_id=7"},"modified":"2026-03-08T12:50:19","modified_gmt":"2026-03-08T12:50:19","slug":"about-us","status":"publish","type":"page","link":"https:\/\/gtechzero.net\/de\/about-us\/","title":{"rendered":"\u00dcber uns"},"content":{"rendered":"<section class=\"wpb-content-wrapper\"><div class=\"vc_row wpb_row vc_row-fluid vc_custom_1494332326937 vc_row-has-fill\">\n\t<div class=\"container clearfix\">\n\t\t<div class=\"wpb_column vc_column_container vc_col-sm-12\"><div class=\"vc_column-inner\"><div class=\"wpb_wrapper\">\n\t<div class=\"wpb_text_column wpb_content_element\" >\n\t\t<div class=\"wpb_wrapper\">\n\t\t\t<p class=\"headline\" style=\"text-align: center;\"><em><strong>\u00dcber GtechZero<\/strong><\/em><br \/>\nProfessionelle PC-Diagnose, Reparatur und Performance-Optimierung.<br \/>\nFokus auf pr\u00e4zise Diagnosen, ehrliche Reparaturempfehlungen und zuverl\u00e4ssige L\u00f6sungen f\u00fcr Desktop- und Laptop-Computer.<\/p>\n\n\t\t<\/div>\n\t<\/div>\n<\/div><\/div><\/div>\t<\/div>\n<\/div>\n<section class=\"vc_section\">\n<div class=\"vc_row wpb_row vc_row-fluid\">\n\t<div class=\"container clearfix\">\n\t\t<div class=\"wpb_column vc_column_container vc_col-sm-12 vc_col-md-offset-2 vc_col-md-8\"><div class=\"vc_column-inner\"><div class=\"wpb_wrapper\">\n<div class=\"section-heading\">\n\t<h4 class=\"text-uppercase\" style=\"text-align: center;\"><span class=\"text-primary\">1.<\/span> 1. Diagnose zuerst. Reparatur nur, wenn sie sinnvoll ist.<\/h4>\n<\/div>\n<\/div><\/div><\/div>\t<\/div>\n<\/div>\n\n<div class=\"vc_row wpb_row vc_row-fluid\">\n\t<div class=\"container clearfix\">\n\t\t<div class=\"wpb_column vc_column_container vc_col-sm-6\"><div class=\"vc_column-inner\"><div class=\"wpb_wrapper\">\n\t<div class=\"wpb_text_column wpb_content_element\" >\n\t\t<div class=\"wpb_wrapper\">\n\t\t\t<p>Bei GtechZero sind wir \u00fcberzeugt, dass eine korrekte Diagnose der wichtigste Schritt bei jeder Reparatur ist.<\/p>\n<p>Anstatt Komponenten blind auszutauschen, wird jedes System sorgf\u00e4ltig getestet und analysiert, um die tats\u00e4chliche Ursache des Problems zu identifizieren. Dieser Ansatz spart Zeit, reduziert unn\u00f6tige Kosten und sorgt f\u00fcr zuverl\u00e4ssige Reparaturen.<\/p>\n<p>Ob es sich um Hardwareprobleme, thermische Leistung, Systeminstabilit\u00e4t oder softwarebezogene Fehler handelt \u2013 das Ziel bleibt immer gleich: die echte Ursache finden und das Problem korrekt beheben.<\/p>\n\n\t\t<\/div>\n\t<\/div>\n<\/div><\/div><\/div><div class=\"wpb_column vc_column_container vc_col-sm-6\"><div class=\"vc_column-inner\"><div class=\"wpb_wrapper\">\n\t<div class=\"wpb_text_column wpb_content_element\" >\n\t\t<div class=\"wpb_wrapper\">\n\t\t\t<p>GtechZero bietet professionelle Diagnose-, Reparatur- und Optimierungsdienste f\u00fcr Desktop- und Laptop-Computer.<\/p>\n<p>Zu den Dienstleistungen geh\u00f6ren Hardware-Fehlerdiagnose, Austausch von Komponenten, thermische Optimierung, Systembereinigung und Performance-Tuning.<\/p>\n<p>Jedes System wird individuell behandelt und gr\u00fcndlich getestet, um nach der Reparatur einen stabilen und zuverl\u00e4ssigen Betrieb zu gew\u00e4hrleisten.<\/p>\n\n\t\t<\/div>\n\t<\/div>\n<\/div><\/div><\/div>\t<\/div>\n<\/div>\n<\/section><section class=\"vc_section vc_custom_1493206392618 vc_section-has-fill\">\n<div class=\"vc_row wpb_row vc_row-fluid\">\n\t<div class=\"container clearfix\">\n\t\t<div class=\"wpb_column vc_column_container vc_col-sm-12 vc_col-md-offset-2 vc_col-md-8\"><div class=\"vc_column-inner\"><div class=\"wpb_wrapper\">\n<div class=\"section-heading\">\n\t<h4 class=\"text-uppercase\" style=\"text-align: center;\"><span class=\"text-primary\">2.<\/span> 2. Technische Erfahrung<\/h4>\n<\/div>\n<\/div><\/div><\/div>\t<\/div>\n<\/div>\n\n<div class=\"vc_row wpb_row vc_row-fluid\">\n\t<div class=\"container clearfix\">\n\t\t<div class=\"wpb_column vc_column_container vc_col-sm-6\"><div class=\"vc_column-inner\"><div class=\"wpb_wrapper\">\n\t<div class=\"wpb_text_column wpb_content_element\" >\n\t\t<div class=\"wpb_wrapper\">\n\t\t\t<p>Jahrelange praktische Erfahrung mit PC-Hardware, Diagnosewerkzeugen und Systemoptimierung erm\u00f6glicht es uns, komplexe Probleme schnell zu erkennen, die bei einfachen Reparaturen oft \u00fcbersehen werden.<\/p>\n<p>Von \u00fcberhitzenden GPUs und instabilen Systemen bis hin zu Speicherfehlern und Leistungsengp\u00e4ssen wird jedes Problem methodisch mit professionellen Diagnosewerkzeugen und realen Tests analysiert.<\/p>\n\n\t\t<\/div>\n\t<\/div>\n<\/div><\/div><\/div><div class=\"wpb_column vc_column_container vc_col-sm-6\"><div class=\"vc_column-inner\"><div class=\"wpb_wrapper\">\n\t<div class=\"wpb_text_column wpb_content_element\" >\n\t\t<div class=\"wpb_wrapper\">\n\t\t\t<p>Professionelle PC-Diagnose, Reparatur und Performance-Optimierung.<br \/>\nFokus auf pr\u00e4zise Diagnosen, ehrliche Reparaturempfehlungen und zuverl\u00e4ssige L\u00f6sungen f\u00fcr Desktop- und Laptop-Computer.<\/p>\n\n\t\t<\/div>\n\t<\/div>\n<\/div><\/div><\/div>\t<\/div>\n<\/div>\n<\/section>\n<div class=\"vc_row wpb_row vc_row-fluid vc_custom_1493290368518\">\n\t<div class=\"container-fluid clearfix\">\n\t\t<div class=\"wpb_column vc_column_container vc_col-sm-12\"><div class=\"vc_column-inner\"><div class=\"wpb_wrapper\">\n<div class=\"vc_grid-container-wrapper vc_clearfix vc_grid-animation-fadeIn\">\n\t<div class=\"vc_grid-container vc_clearfix wpb_content_element vc_media_grid vc_custom_1493361705661\" data-initial-loading-animation=\"fadeIn\" data-vc-grid-settings=\"{&quot;page_id&quot;:1688,&quot;style&quot;:&quot;all&quot;,&quot;action&quot;:&quot;vc_get_vc_grid_data&quot;,&quot;shortcode_id&quot;:&quot;1772974172955-d30e4e19-1333-2&quot;,&quot;tag&quot;:&quot;vc_media_grid&quot;}\" data-vc-request=\"https:\/\/gtechzero.net\/wp-admin\/admin-ajax.php\" data-vc-post-id=\"1688\" data-vc-public-nonce=\"5aebc38a73\">\n\t\t\n\t<\/div>\n<\/div><\/div><\/div><\/div>\t<\/div>\n<\/div>\n<section class=\"vc_section vc_custom_1493289652931 vc_section-has-fill\">\n<div class=\"vc_row wpb_row vc_row-fluid\">\n\t<div class=\"container clearfix\">\n\t\t<div class=\"wpb_column vc_column_container vc_col-sm-12 vc_col-md-offset-2 vc_col-md-8\"><div class=\"vc_column-inner\"><div class=\"wpb_wrapper\">\n<div class=\"section-heading\">\n\t<h4 class=\"text-uppercase\" style=\"text-align: center;\"><span class=\"text-primary\">3.<\/span> 3. Warum GtechZero w\u00e4hlen<\/h4>\n<\/div>\n<\/div><\/div><\/div>\t<\/div>\n<\/div>\n\n<div class=\"vc_row wpb_row vc_row-fluid\">\n\t<div class=\"container clearfix\">\n\t\t<div class=\"wpb_column vc_column_container vc_col-sm-6\"><div class=\"vc_column-inner\"><div class=\"wpb_wrapper\">\n\t<div class=\"wpb_text_column wpb_content_element\" >\n\t\t<div class=\"wpb_wrapper\">\n\t\t\t<p>\u2022 Pr\u00e4zise Diagnose vor jeder Reparatur<br \/>\n\u2022 Ehrliche Empfehlungen \u2013 keine unn\u00f6tigen Austausch von Komponenten<br \/>\n\u2022 Hardware- und thermische Optimierung<br \/>\n\u2022 Zuverl\u00e4ssige langfristige L\u00f6sungen<br \/>\n\u2022 Transparente Kommunikation<\/p>\n\n\t\t<\/div>\n\t<\/div>\n<\/div><\/div><\/div><div class=\"wpb_column vc_column_container vc_col-sm-6\"><div class=\"vc_column-inner\"><div class=\"wpb_wrapper\">\n\t<div class=\"wpb_text_column wpb_content_element\" >\n\t\t<div class=\"wpb_wrapper\">\n\t\t\t<p>Wenn Ihr System langsam l\u00e4uft, instabil ist oder Hardwareprobleme hat, kann GtechZero helfen, das Problem effizient zu diagnostizieren und zu beheben.<\/p>\n<p>Kontaktieren Sie uns, um Ihr Problem zu besprechen oder eine Diagnose anzufragen.<\/p>\n\n\t\t<\/div>\n\t<\/div>\n<\/div><\/div><\/div>\t<\/div>\n<\/div>\n<\/section><section class=\"vc_section vc_custom_1493629278210 vc_section-has-fill\">\n<div class=\"vc_row wpb_row vc_row-fluid\">\n\t<div class=\"container clearfix\">\n\t\t<div class=\"wpb_column vc_column_container vc_col-sm-12\"><div class=\"vc_column-inner\"><div class=\"wpb_wrapper\">\n<div class=\"section-heading section-heading--decor-1\">\n\t<h3 class=\"text-uppercase\" style=\"text-align: center;\">Hardware mit der wir arbeiten<\/h3>\n<p style=\"text-align: center;\">Wir reparieren, upgraden und optimieren Systeme der g\u00e4ngigsten PC-Hardware-Marken.<\/p>\n<\/div>\n\n<div class=\"logo-box gtech-brands\">\n\n\t\n\t\t<div class=\"logo-box-item\">\n\t\t\t<img loading=\"lazy\" decoding=\"async\" width=\"120\" height=\"120\" src=\"https:\/\/gtechzero.net\/wp-content\/uploads\/2017\/05\/HP_logo_2012.svg_1-120x120.png\" class=\"attachment-comrepair_vc_logo size-comrepair_vc_logo\" alt=\"\" srcset=\"https:\/\/gtechzero.net\/wp-content\/uploads\/2017\/05\/HP_logo_2012.svg_1-120x120.png 120w, https:\/\/gtechzero.net\/wp-content\/uploads\/2017\/05\/HP_logo_2012.svg_1-300x300.png 300w, https:\/\/gtechzero.net\/wp-content\/uploads\/2017\/05\/HP_logo_2012.svg_1-100x100.png 100w, https:\/\/gtechzero.net\/wp-content\/uploads\/2017\/05\/HP_logo_2012.svg_1-600x600.png 600w, https:\/\/gtechzero.net\/wp-content\/uploads\/2017\/05\/HP_logo_2012.svg_1-150x150.png 150w, https:\/\/gtechzero.net\/wp-content\/uploads\/2017\/05\/HP_logo_2012.svg_1-768x768.png 768w, https:\/\/gtechzero.net\/wp-content\/uploads\/2017\/05\/HP_logo_2012.svg_1-470x470.png 470w, https:\/\/gtechzero.net\/wp-content\/uploads\/2017\/05\/HP_logo_2012.svg_1-84x84.png 84w, https:\/\/gtechzero.net\/wp-content\/uploads\/2017\/05\/HP_logo_2012.svg_1-360x360.png 360w, https:\/\/gtechzero.net\/wp-content\/uploads\/2017\/05\/HP_logo_2012.svg_1-750x750.png 750w, https:\/\/gtechzero.net\/wp-content\/uploads\/2017\/05\/HP_logo_2012.svg_1.png 1024w\" sizes=\"auto, (max-width: 120px) 100vw, 120px\" \/>\t\t<\/div>\n\n\t\n\t\t<div class=\"logo-box-item\">\n\t\t\t<img loading=\"lazy\" decoding=\"async\" width=\"120\" height=\"120\" src=\"https:\/\/gtechzero.net\/wp-content\/uploads\/2017\/05\/LG-Logo-face1-120x120.png\" class=\"attachment-comrepair_vc_logo size-comrepair_vc_logo\" alt=\"\" srcset=\"https:\/\/gtechzero.net\/wp-content\/uploads\/2017\/05\/LG-Logo-face1-120x120.png 120w, https:\/\/gtechzero.net\/wp-content\/uploads\/2017\/05\/LG-Logo-face1-300x300.png 300w, https:\/\/gtechzero.net\/wp-content\/uploads\/2017\/05\/LG-Logo-face1-100x100.png 100w, https:\/\/gtechzero.net\/wp-content\/uploads\/2017\/05\/LG-Logo-face1-600x600.png 600w, https:\/\/gtechzero.net\/wp-content\/uploads\/2017\/05\/LG-Logo-face1-150x150.png 150w, https:\/\/gtechzero.net\/wp-content\/uploads\/2017\/05\/LG-Logo-face1-768x768.png 768w, https:\/\/gtechzero.net\/wp-content\/uploads\/2017\/05\/LG-Logo-face1-470x470.png 470w, https:\/\/gtechzero.net\/wp-content\/uploads\/2017\/05\/LG-Logo-face1-84x84.png 84w, https:\/\/gtechzero.net\/wp-content\/uploads\/2017\/05\/LG-Logo-face1-360x360.png 360w, https:\/\/gtechzero.net\/wp-content\/uploads\/2017\/05\/LG-Logo-face1-750x750.png 750w, https:\/\/gtechzero.net\/wp-content\/uploads\/2017\/05\/LG-Logo-face1.png 850w\" sizes=\"auto, (max-width: 120px) 100vw, 120px\" \/>\t\t<\/div>\n\n\t\n\t\t<div class=\"logo-box-item logo-box-item--wide\">\n\t\t\t<img loading=\"lazy\" decoding=\"async\" width=\"180\" height=\"36\" src=\"https:\/\/gtechzero.net\/wp-content\/uploads\/2017\/05\/ASUS_Logo.svg_1-180x36.png\" class=\"attachment-comrepair_vc_logo_wide size-comrepair_vc_logo_wide\" alt=\"\" srcset=\"https:\/\/gtechzero.net\/wp-content\/uploads\/2017\/05\/ASUS_Logo.svg_1-180x36.png 180w, https:\/\/gtechzero.net\/wp-content\/uploads\/2017\/05\/ASUS_Logo.svg_1-600x120.png 600w, https:\/\/gtechzero.net\/wp-content\/uploads\/2017\/05\/ASUS_Logo.svg_1-300x60.png 300w, https:\/\/gtechzero.net\/wp-content\/uploads\/2017\/05\/ASUS_Logo.svg_1-1024x204.png 1024w, https:\/\/gtechzero.net\/wp-content\/uploads\/2017\/05\/ASUS_Logo.svg_1-768x153.png 768w, https:\/\/gtechzero.net\/wp-content\/uploads\/2017\/05\/ASUS_Logo.svg_1-120x24.png 120w, https:\/\/gtechzero.net\/wp-content\/uploads\/2017\/05\/ASUS_Logo.svg_1-360x72.png 360w, https:\/\/gtechzero.net\/wp-content\/uploads\/2017\/05\/ASUS_Logo.svg_1-470x94.png 470w, https:\/\/gtechzero.net\/wp-content\/uploads\/2017\/05\/ASUS_Logo.svg_1-750x149.png 750w, https:\/\/gtechzero.net\/wp-content\/uploads\/2017\/05\/ASUS_Logo.svg_1.png 1280w\" sizes=\"auto, (max-width: 180px) 100vw, 180px\" \/>\t\t<\/div>\n\n\t\n\t\t<div class=\"logo-box-item logo-box-item--wide\">\n\t\t\t<img loading=\"lazy\" decoding=\"async\" width=\"180\" height=\"120\" src=\"https:\/\/gtechzero.net\/wp-content\/uploads\/2017\/05\/Intel-logo.svg_1-180x120.png\" class=\"attachment-comrepair_vc_logo_wide size-comrepair_vc_logo_wide\" alt=\"\" srcset=\"https:\/\/gtechzero.net\/wp-content\/uploads\/2017\/05\/Intel-logo.svg_1-180x120.png 180w, https:\/\/gtechzero.net\/wp-content\/uploads\/2017\/05\/Intel-logo.svg_1-600x398.png 600w, https:\/\/gtechzero.net\/wp-content\/uploads\/2017\/05\/Intel-logo.svg_1-300x199.png 300w, https:\/\/gtechzero.net\/wp-content\/uploads\/2017\/05\/Intel-logo.svg_1-768x509.png 768w, https:\/\/gtechzero.net\/wp-content\/uploads\/2017\/05\/Intel-logo.svg_1-120x80.png 120w, https:\/\/gtechzero.net\/wp-content\/uploads\/2017\/05\/Intel-logo.svg_1-360x239.png 360w, https:\/\/gtechzero.net\/wp-content\/uploads\/2017\/05\/Intel-logo.svg_1-470x312.png 470w, https:\/\/gtechzero.net\/wp-content\/uploads\/2017\/05\/Intel-logo.svg_1-750x497.png 750w, https:\/\/gtechzero.net\/wp-content\/uploads\/2017\/05\/Intel-logo.svg_1.png 1000w\" sizes=\"auto, (max-width: 180px) 100vw, 180px\" \/>\t\t<\/div>\n\n\t\n\t\t<div class=\"logo-box-item\">\n\t\t\t<img loading=\"lazy\" decoding=\"async\" width=\"120\" height=\"120\" src=\"https:\/\/gtechzero.net\/wp-content\/uploads\/2017\/05\/Dell_Logo.svg_1-120x120.png\" class=\"attachment-comrepair_vc_logo size-comrepair_vc_logo\" alt=\"\" srcset=\"https:\/\/gtechzero.net\/wp-content\/uploads\/2017\/05\/Dell_Logo.svg_1-120x120.png 120w, https:\/\/gtechzero.net\/wp-content\/uploads\/2017\/05\/Dell_Logo.svg_1-300x300.png 300w, https:\/\/gtechzero.net\/wp-content\/uploads\/2017\/05\/Dell_Logo.svg_1-100x100.png 100w, https:\/\/gtechzero.net\/wp-content\/uploads\/2017\/05\/Dell_Logo.svg_1-600x600.png 600w, https:\/\/gtechzero.net\/wp-content\/uploads\/2017\/05\/Dell_Logo.svg_1-1024x1024.png 1024w, https:\/\/gtechzero.net\/wp-content\/uploads\/2017\/05\/Dell_Logo.svg_1-150x150.png 150w, https:\/\/gtechzero.net\/wp-content\/uploads\/2017\/05\/Dell_Logo.svg_1-768x768.png 768w, https:\/\/gtechzero.net\/wp-content\/uploads\/2017\/05\/Dell_Logo.svg_1-1536x1536.png 1536w, https:\/\/gtechzero.net\/wp-content\/uploads\/2017\/05\/Dell_Logo.svg_1-470x470.png 470w, https:\/\/gtechzero.net\/wp-content\/uploads\/2017\/05\/Dell_Logo.svg_1-84x84.png 84w, https:\/\/gtechzero.net\/wp-content\/uploads\/2017\/05\/Dell_Logo.svg_1-360x360.png 360w, https:\/\/gtechzero.net\/wp-content\/uploads\/2017\/05\/Dell_Logo.svg_1-750x750.png 750w, https:\/\/gtechzero.net\/wp-content\/uploads\/2017\/05\/Dell_Logo.svg_1-1520x1520.png 1520w, https:\/\/gtechzero.net\/wp-content\/uploads\/2017\/05\/Dell_Logo.svg_1.png 2000w\" sizes=\"auto, (max-width: 120px) 100vw, 120px\" \/>\t\t<\/div>\n\n\t\n<\/div><!-- .statistics-box -->\n<\/div><\/div><\/div>\t<\/div>\n<\/div>\n<\/section>\n<div class=\"vc_row wpb_row vc_row-fluid bg-secondary vc_custom_1493681508362 vc_row-o-content-middle vc_row-flex\">\n\t<div class=\"container\">\n\t\t<div class=\"wpb_column vc_column_container vc_col-sm-12 vc_col-md-8\"><div class=\"vc_column-inner\"><div class=\"wpb_wrapper\">\n<div class=\"call-to-act call-to-act--vertical\">\n\t<div class=\"call-to-act-copy-wrap\">\n\t\t<h2>Computer friert ein? K\u00f6nnen Sie nicht arbeiten?<\/h2>\n<p>Wir helfen Ihnen, schnell wieder arbeiten zu k\u00f6nnen.<br \/>\nSchnell. Zuverl\u00e4ssig.<\/p>\n\t<\/div>\n\t<div class=\"call-to-act-button-wrap\">\n\t\t<a class=\"btn btn-primary btn-large btn-rounded\" href=\"https:\/\/gtechzero.net\/de\/contacts\/\">Kontaktieren Sie uns<\/a>\n\t<\/div>\n<\/div>\n<\/div><\/div><\/div><div class=\"wpb_column vc_column_container vc_col-sm-4 vc_hidden-sm vc_hidden-xs\"><div class=\"vc_column-inner\"><div class=\"wpb_wrapper\">\n\t<div  class=\"wpb_single_image wpb_content_element vc_align_left\">\n\t\t\n\t\t<figure class=\"wpb_wrapper vc_figure\">\n\t\t\t<div class=\"vc_single_image-wrapper   vc_box_border_grey\"><img loading=\"lazy\" decoding=\"async\" width=\"400\" height=\"400\" src=\"https:\/\/gtechzero.net\/wp-content\/uploads\/2017\/04\/macbook-748857_1920-2-1.png\" class=\"vc_single_image-img attachment-full\" alt=\"\" title=\"macbook-748857_1920-2\" srcset=\"https:\/\/gtechzero.net\/wp-content\/uploads\/2017\/04\/macbook-748857_1920-2-1.png 400w, https:\/\/gtechzero.net\/wp-content\/uploads\/2017\/04\/macbook-748857_1920-2-1-300x300.png 300w, https:\/\/gtechzero.net\/wp-content\/uploads\/2017\/04\/macbook-748857_1920-2-1-100x100.png 100w, https:\/\/gtechzero.net\/wp-content\/uploads\/2017\/04\/macbook-748857_1920-2-1-150x150.png 150w, https:\/\/gtechzero.net\/wp-content\/uploads\/2017\/04\/macbook-748857_1920-2-1-84x84.png 84w, https:\/\/gtechzero.net\/wp-content\/uploads\/2017\/04\/macbook-748857_1920-2-1-120x120.png 120w, https:\/\/gtechzero.net\/wp-content\/uploads\/2017\/04\/macbook-748857_1920-2-1-360x360.png 360w\" sizes=\"auto, (max-width: 400px) 100vw, 400px\" \/><\/div>\n\t\t<\/figure>\n\t<\/div>\n<\/div><\/div><\/div>\t<\/div>\n<\/div>\n<\/section>","protected":false},"excerpt":{"rendered":"About GtechZero Professional PC diagnostics, repair and performance optimization. Focused on accurate diagnostics, honest repair advice and reliable solutions for desktops and laptops. 1. Diagnostics First. Repair Only If It Makes Sense. At GtechZero we believe that proper diagnostics is the most important step in any repair process. Instead of replacing parts blindly, every system [...]","protected":false},"author":1,"featured_media":0,"parent":0,"menu_order":0,"comment_status":"closed","ping_status":"closed","template":"","meta":{"footnotes":""},"class_list":["post-1688","page","type-page","status-publish","hentry"],"_links":{"self":[{"href":"https:\/\/gtechzero.net\/de\/wp-json\/wp\/v2\/pages\/1688","targetHints":{"allow":["GET"]}}],"collection":[{"href":"https:\/\/gtechzero.net\/de\/wp-json\/wp\/v2\/pages"}],"about":[{"href":"https:\/\/gtechzero.net\/de\/wp-json\/wp\/v2\/types\/page"}],"author":[{"embeddable":true,"href":"https:\/\/gtechzero.net\/de\/wp-json\/wp\/v2\/users\/1"}],"replies":[{"embeddable":true,"href":"https:\/\/gtechzero.net\/de\/wp-json\/wp\/v2\/comments?post=1688"}],"version-history":[{"count":10,"href":"https:\/\/gtechzero.net\/de\/wp-json\/wp\/v2\/pages\/1688\/revisions"}],"predecessor-version":[{"id":1967,"href":"https:\/\/gtechzero.net\/de\/wp-json\/wp\/v2\/pages\/1688\/revisions\/1967"}],"wp:attachment":[{"href":"https:\/\/gtechzero.net\/de\/wp-json\/wp\/v2\/media?parent=1688"}],"curies":[{"name":"wp","href":"https:\/\/api.w.org\/{rel}","templated":true}]}}